{"id":12,"date":"2024-01-12T13:00:00","date_gmt":"2024-01-12T16:00:00","guid":{"rendered":"https:\/\/demosites.royal-elementor-addons.com\/developer-portfolio-v1\/?page_id=12"},"modified":"2024-02-27T15:49:42","modified_gmt":"2024-02-27T18:49:42","slug":"about","status":"publish","type":"page","link":"https:\/\/epes.tech\/?page_id=12","title":{"rendered":"Casa Brasil"},"content":{"rendered":"\t\t<div data-elementor-type=\"wp-page\" data-elementor-id=\"12\" class=\"elementor elementor-12\">\n\t\t\t\t<div class=\"elementor-element elementor-element-ec32ac3 e-flex e-con-boxed wpr-particle-no wpr-jarallax-no wpr-parallax-no wpr-sticky-section-no wpr-equal-height-no e-con e-parent\" data-id=\"ec32ac3\" data-element_type=\"container\" data-e-type=\"container\" data-settings=\"{&quot;background_background&quot;:&quot;classic&quot;}\">\n\t\t\t\t\t<div class=\"e-con-inner\">\n\t\t\t\t<div class=\"elementor-element elementor-element-028ef7e elementor-widget elementor-widget-image\" data-id=\"028ef7e\" data-element_type=\"widget\" data-e-type=\"widget\" data-widget_type=\"image.default\">\n\t\t\t\t<div class=\"elementor-widget-container\">\n\t\t\t\t\t\t\t\t\t\t\t\t\t\t\t<img fetchpriority=\"high\" decoding=\"async\" width=\"960\" height=\"569\" src=\"https:\/\/epes.tech\/wp-content\/uploads\/2024\/02\/casa-brasil-logo-negativo-1024x607.png\" class=\"attachment-large size-large wp-image-988\" alt=\"\" srcset=\"https:\/\/epes.tech\/wp-content\/uploads\/2024\/02\/casa-brasil-logo-negativo-1024x607.png 1024w, https:\/\/epes.tech\/wp-content\/uploads\/2024\/02\/casa-brasil-logo-negativo-300x178.png 300w, https:\/\/epes.tech\/wp-content\/uploads\/2024\/02\/casa-brasil-logo-negativo-768x455.png 768w, https:\/\/epes.tech\/wp-content\/uploads\/2024\/02\/casa-brasil-logo-negativo.png 1080w\" sizes=\"(max-width: 960px) 100vw, 960px\" \/>\t\t\t\t\t\t\t\t\t\t\t\t\t\t\t<\/div>\n\t\t\t\t<\/div>\n\t\t\t\t\t<\/div>\n\t\t\t\t<\/div>\n\t\t<div class=\"elementor-element elementor-element-925117e e-flex e-con-boxed wpr-particle-no wpr-jarallax-no wpr-parallax-no wpr-sticky-section-no wpr-equal-height-no e-con e-parent\" data-id=\"925117e\" data-element_type=\"container\" data-e-type=\"container\">\n\t\t\t\t\t<div class=\"e-con-inner\">\n\t\t<div class=\"elementor-element elementor-element-1a3e42e e-flex e-con-boxed wpr-particle-no wpr-jarallax-no wpr-parallax-no wpr-sticky-section-no wpr-equal-height-no e-con e-child\" data-id=\"1a3e42e\" data-element_type=\"container\" data-e-type=\"container\">\n\t\t\t\t\t<div class=\"e-con-inner\">\n\t\t\t\t<div class=\"elementor-element elementor-element-a572654 elementor-invisible elementor-widget elementor-widget-text-editor\" data-id=\"a572654\" data-element_type=\"widget\" data-e-type=\"widget\" data-settings=\"{&quot;_animation&quot;:&quot;fadeIn&quot;,&quot;_animation_delay&quot;:200}\" data-widget_type=\"text-editor.default\">\n\t\t\t\t<div class=\"elementor-widget-container\">\n\t\t\t\t\t\t\t\t\t<p>A Casa Brasil \u00e9 uma organiza\u00e7\u00e3o sem fins lucrativos que atua como um farol de esperan\u00e7a e transforma\u00e7\u00e3o para comunidades em diversas partes do Brasil. Com mais de 20 anos de experi\u00eancia, esta institui\u00e7\u00e3o se dedica \u00e0 promo\u00e7\u00e3o da cultura, educa\u00e7\u00e3o, esporte, sa\u00fade e ao desenvolvimento social, visando o empoderamento de indiv\u00edduos e comunidades carentes.<\/p><p>Atrav\u00e9s de uma abordagem colaborativa e inovadora, a Casa Brasil desenvolve projetos sob medida que atendem \u00e0s necessidades espec\u00edficas de cada comunidade, oferecendo programas de capacita\u00e7\u00e3o, consultoria e mentoria, al\u00e9m de realizar workshops, palestras e treinamentos diversos. Seu objetivo \u00e9 ampliar o alcance e a efic\u00e1cia das iniciativas sociais, promovendo a inclus\u00e3o, o desenvolvimento sustent\u00e1vel e a melhoria de qualidade de vida para todos.<\/p><p>A organiza\u00e7\u00e3o tamb\u00e9m se destaca na capta\u00e7\u00e3o de recursos, trabalhando com doa\u00e7\u00f5es de empresas, emendas parlamentares, leis estaduais de incentivo e recursos internacionais para financiar projetos de alto impacto social. A Casa Brasil atua como uma ponte entre a vontade de ajudar e a necessidade de apoio, mobilizando recursos e conhecimento para transformar vidas e construir um futuro mais justo e sustent\u00e1vel.<\/p><p>Localizada estrategicamente em Bras\u00edlia com importante filial no Rio de Janeiro e parcerias em diversas regi\u00f5es, a Casa Brasil se compromete a n\u00e3o apenas sonhar com um mundo melhor, mas a trabalhar ativamente para tornar esses sonhos realidade. Convidando indiv\u00edduos, empresas e institui\u00e7\u00f5es a se juntarem a essa miss\u00e3o de transforma\u00e7\u00e3o e esperan\u00e7a, a Casa Brasil representa uma oportunidade para todos os envolvidos de fazer mais do que apenas mudar vidas; ela oferece a chance de redefinir futuros.<\/p>\t\t\t\t\t\t\t\t<\/div>\n\t\t\t\t<\/div>\n\t\t\t\t\t<\/div>\n\t\t\t\t<\/div>\n\t\t\t\t\t<\/div>\n\t\t\t\t<\/div>\n\t\t\t\t<\/div>\n\t\t","protected":false},"excerpt":{"rendered":"<p>A Casa Brasil \u00e9 uma organiza\u00e7\u00e3o sem fins lucrativos que atua como um farol de esperan\u00e7a e transforma\u00e7\u00e3o para comunidades em diversas partes do Brasil. Com mais de 20 anos de experi\u00eancia, esta institui\u00e7\u00e3o se dedica \u00e0 promo\u00e7\u00e3o da cultura, educa\u00e7\u00e3o, esporte, sa\u00fade e ao desenvolvimento social, visando o empoderamento de indiv\u00edduos e comunidades carentes. Atrav\u00e9s de uma abordagem colaborativa e inovadora, a Casa Brasil desenvolve projetos sob medida que atendem \u00e0s necessidades espec\u00edficas de cada comunidade, oferecendo programas de capacita\u00e7\u00e3o, consultoria e mentoria, al\u00e9m de realizar workshops, palestras e treinamentos diversos. Seu objetivo \u00e9 ampliar o alcance e a efic\u00e1cia das iniciativas sociais, promovendo a inclus\u00e3o, o desenvolvimento sustent\u00e1vel e a melhoria de qualidade de vida para todos. A organiza\u00e7\u00e3o tamb\u00e9m se destaca na capta\u00e7\u00e3o de recursos, trabalhando com doa\u00e7\u00f5es de empresas, emendas parlamentares, leis estaduais de incentivo e recursos internacionais para financiar projetos de alto impacto social. A Casa Brasil atua como uma ponte entre a vontade de ajudar e a necessidade de apoio, mobilizando recursos e conhecimento para transformar vidas e construir um futuro mais justo e sustent\u00e1vel. Localizada estrategicamente em Bras\u00edlia com importante filial no Rio de Janeiro e parcerias em diversas regi\u00f5es, a Casa Brasil se compromete a n\u00e3o apenas sonhar com um mundo melhor, mas a trabalhar ativamente para tornar esses sonhos realidade. Convidando indiv\u00edduos, empresas e institui\u00e7\u00f5es a se juntarem a essa miss\u00e3o de transforma\u00e7\u00e3o e esperan\u00e7a, a Casa Brasil representa uma oportunidade para todos os envolvidos de fazer mais do que apenas mudar vidas; ela oferece a chance de redefinir futuros.<\/p>\n","protected":false},"author":1,"featured_media":0,"parent":0,"menu_order":0,"comment_status":"closed","ping_status":"closed","template":"elementor_canvas","meta":{"footnotes":""},"class_list":["post-12","page","type-page","status-publish","hentry"],"_links":{"self":[{"href":"https:\/\/epes.tech\/index.php?rest_route=\/wp\/v2\/pages\/12","targetHints":{"allow":["GET"]}}],"collection":[{"href":"https:\/\/epes.tech\/index.php?rest_route=\/wp\/v2\/pages"}],"about":[{"href":"https:\/\/epes.tech\/index.php?rest_route=\/wp\/v2\/types\/page"}],"author":[{"embeddable":true,"href":"https:\/\/epes.tech\/index.php?rest_route=\/wp\/v2\/users\/1"}],"replies":[{"embeddable":true,"href":"https:\/\/epes.tech\/index.php?rest_route=%2Fwp%2Fv2%2Fcomments&post=12"}],"version-history":[{"count":37,"href":"https:\/\/epes.tech\/index.php?rest_route=\/wp\/v2\/pages\/12\/revisions"}],"predecessor-version":[{"id":1054,"href":"https:\/\/epes.tech\/index.php?rest_route=\/wp\/v2\/pages\/12\/revisions\/1054"}],"wp:attachment":[{"href":"https:\/\/epes.tech\/index.php?rest_route=%2Fwp%2Fv2%2Fmedia&parent=12"}],"curies":[{"name":"wp","href":"https:\/\/api.w.org\/{rel}","templated":true}]}}