{"id":20,"date":"2024-01-12T13:01:27","date_gmt":"2024-01-12T16:01:27","guid":{"rendered":"https:\/\/demosites.royal-elementor-addons.com\/developer-portfolio-v1\/?page_id=20"},"modified":"2024-02-27T16:16:22","modified_gmt":"2024-02-27T19:16:22","slug":"services","status":"publish","type":"page","link":"https:\/\/epes.tech\/?page_id=20","title":{"rendered":"EPES"},"content":{"rendered":"\t\t<div data-elementor-type=\"wp-page\" data-elementor-id=\"20\" class=\"elementor elementor-20\">\n\t\t\t\t<div class=\"elementor-element elementor-element-9c2fa51 e-flex e-con-boxed wpr-particle-no wpr-jarallax-no wpr-parallax-no wpr-sticky-section-no wpr-equal-height-no e-con e-parent\" data-id=\"9c2fa51\" data-element_type=\"container\" data-e-type=\"container\" data-settings=\"{&quot;background_background&quot;:&quot;classic&quot;}\">\n\t\t\t\t\t<div class=\"e-con-inner\">\n\t\t\t\t<div class=\"elementor-element elementor-element-a0dadfc elementor-widget elementor-widget-image\" data-id=\"a0dadfc\" data-element_type=\"widget\" data-e-type=\"widget\" data-widget_type=\"image.default\">\n\t\t\t\t<div class=\"elementor-widget-container\">\n\t\t\t\t\t\t\t\t\t\t\t\t\t\t\t<img fetchpriority=\"high\" decoding=\"async\" width=\"318\" height=\"182\" src=\"https:\/\/epes.tech\/wp-content\/uploads\/2024\/01\/ADESIVO_NOTEBOOK_EPES_Prancheta-1.png\" class=\"attachment-large size-large wp-image-800\" alt=\"Logo EPES\" srcset=\"https:\/\/epes.tech\/wp-content\/uploads\/2024\/01\/ADESIVO_NOTEBOOK_EPES_Prancheta-1.png 318w, https:\/\/epes.tech\/wp-content\/uploads\/2024\/01\/ADESIVO_NOTEBOOK_EPES_Prancheta-1-300x172.png 300w\" sizes=\"(max-width: 318px) 100vw, 318px\" \/>\t\t\t\t\t\t\t\t\t\t\t\t\t\t\t<\/div>\n\t\t\t\t<\/div>\n\t\t\t\t<div class=\"elementor-element elementor-element-d5acd13 elementor-widget elementor-widget-heading\" data-id=\"d5acd13\" data-element_type=\"widget\" data-e-type=\"widget\" data-widget_type=\"heading.default\">\n\t\t\t\t<div class=\"elementor-widget-container\">\n\t\t\t\t\t<h2 class=\"elementor-heading-title elementor-size-default\">Escola de Programa\u00e7\u00e3o e Emprendedorismo de Saquarema<\/h2>\t\t\t\t<\/div>\n\t\t\t\t<\/div>\n\t\t\t\t\t<\/div>\n\t\t\t\t<\/div>\n\t\t<div class=\"elementor-element elementor-element-8a0b83a e-flex e-con-boxed wpr-particle-no wpr-jarallax-no wpr-parallax-no wpr-sticky-section-no wpr-equal-height-no e-con e-parent\" data-id=\"8a0b83a\" data-element_type=\"container\" data-e-type=\"container\">\n\t\t\t\t\t<div class=\"e-con-inner\">\n\t\t\t\t<div class=\"elementor-element elementor-element-9269fee elementor-widget elementor-widget-text-editor\" data-id=\"9269fee\" data-element_type=\"widget\" data-e-type=\"widget\" data-widget_type=\"text-editor.default\">\n\t\t\t\t<div class=\"elementor-widget-container\">\n\t\t\t\t\t\t\t\t\t<p>Em Saquarema, uma nova semente foi plantada nas terras f\u00e9rteis da educa\u00e7\u00e3o e da inova\u00e7\u00e3o. A Prefeitura, em um gesto de vis\u00e3o e comprometimento com o futuro, lan\u00e7ou um chamamento p\u00fablico que resultou na escolha da OSC Casa Brasil para implementar uma escola pioneira de programa\u00e7\u00e3o e empreendedorismo destinada aos alunos da rede p\u00fablica municipal. Esta escola n\u00e3o \u00e9 apenas um espa\u00e7o f\u00edsico de aprendizado; \u00e9 um farol de esperan\u00e7as, um portal para novos horizontes que se abrem para a juventude de Saquarema.<\/p><p>A iniciativa da Prefeitura de Saquarema reflete uma compreens\u00e3o profunda das necessidades prementes do nosso tempo. Vivemos em uma era digital, onde a tecnologia redefine continuamente o modo como vivemos, trabalhamos e interagimos. Dotar os jovens, especialmente aqueles provenientes de comunidades menos favorecidas, com habilidades em programa\u00e7\u00e3o e empreendedorismo \u00e9 mais do que uma medida educativa; \u00e9 um ato de justi\u00e7a social, um investimento na equidade e na inclus\u00e3o.<\/p><p>A escola de programa\u00e7\u00e3o e empreendedorismo, sob a \u00e9gide da OSC Casa Brasil, promete ser um espa\u00e7o de transforma\u00e7\u00e3o. Aqui, os estudantes n\u00e3o apenas aprender\u00e3o linguagens de programa\u00e7\u00e3o e os fundamentos do empreendedorismo, mas tamb\u00e9m desenvolver\u00e3o o pensamento cr\u00edtico, a resolu\u00e7\u00e3o de problemas e a criatividade. Essas habilidades s\u00e3o cruciais n\u00e3o apenas para o sucesso pessoal em um mercado de trabalho cada vez mais tecnol\u00f3gico e competitivo, mas tamb\u00e9m para a constru\u00e7\u00e3o de uma sociedade mais justa, inovadora e sustent\u00e1vel.<\/p><p>Al\u00e9m do mais, essa iniciativa coloca Saquarema no mapa como uma cidade que investe na juventude, reconhecendo seu potencial como motores de mudan\u00e7a e inova\u00e7\u00e3o. Ao fomentar um ecossistema de aprendizado que valoriza a tecnologia e a inova\u00e7\u00e3o, a Prefeitura est\u00e1 n\u00e3o apenas melhorando a qualidade de vida de seus jovens cidad\u00e3os, mas tamb\u00e9m contribuindo para o desenvolvimento econ\u00f4mico e social do munic\u00edpio. Escolas como essa podem se tornar incubadoras de talentos, atraindo investimentos, fomentando startups locais e estimulando o crescimento de um mercado de trabalho local din\u00e2mico e diversificado.<\/p><p>Em \u00faltima an\u00e1lise, a escola de programa\u00e7\u00e3o e empreendedorismo \u00e9 um testemunho do compromisso de Saquarema com o futuro de seus jovens. \u00c9 um reconhecimento de que a verdadeira transforma\u00e7\u00e3o come\u00e7a com a educa\u00e7\u00e3o e que o empoderamento atrav\u00e9s do conhecimento \u00e9 um dos pilares mais s\u00f3lidos para a constru\u00e7\u00e3o de um futuro melhor para todos. Parab\u00e9ns \u00e0 Prefeitura de Saquarema e \u00e0 OSC Casa Brasil por darem vida a essa vis\u00e3o inspiradora. Que esse seja apenas o in\u00edcio de uma jornada frut\u00edfera em dire\u00e7\u00e3o \u00e0 inova\u00e7\u00e3o, ao progresso e \u00e0 justi\u00e7a social.<\/p>\t\t\t\t\t\t\t\t<\/div>\n\t\t\t\t<\/div>\n\t\t\t\t\t<\/div>\n\t\t\t\t<\/div>\n\t\t\t\t<\/div>\n\t\t","protected":false},"excerpt":{"rendered":"<p>Escola de Programa\u00e7\u00e3o e Emprendedorismo de Saquarema Em Saquarema, uma nova semente foi plantada nas terras f\u00e9rteis da educa\u00e7\u00e3o e da inova\u00e7\u00e3o. A Prefeitura, em um gesto de vis\u00e3o e comprometimento com o futuro, lan\u00e7ou um chamamento p\u00fablico que resultou na escolha da OSC Casa Brasil para implementar uma escola pioneira de programa\u00e7\u00e3o e empreendedorismo destinada aos alunos da rede p\u00fablica municipal. Esta escola n\u00e3o \u00e9 apenas um espa\u00e7o f\u00edsico de aprendizado; \u00e9 um farol de esperan\u00e7as, um portal para novos horizontes que se abrem para a juventude de Saquarema. A iniciativa da Prefeitura de Saquarema reflete uma compreens\u00e3o profunda das necessidades prementes do nosso tempo. Vivemos em uma era digital, onde a tecnologia redefine continuamente o modo como vivemos, trabalhamos e interagimos. Dotar os jovens, especialmente aqueles provenientes de comunidades menos favorecidas, com habilidades em programa\u00e7\u00e3o e empreendedorismo \u00e9 mais do que uma medida educativa; \u00e9 um ato de justi\u00e7a social, um investimento na equidade e na inclus\u00e3o. A escola de programa\u00e7\u00e3o e empreendedorismo, sob a \u00e9gide da OSC Casa Brasil, promete ser um espa\u00e7o de transforma\u00e7\u00e3o. Aqui, os estudantes n\u00e3o apenas aprender\u00e3o linguagens de programa\u00e7\u00e3o e os fundamentos do empreendedorismo, mas tamb\u00e9m desenvolver\u00e3o o pensamento cr\u00edtico, a resolu\u00e7\u00e3o de problemas e a criatividade. Essas habilidades s\u00e3o cruciais n\u00e3o apenas para o sucesso pessoal em um mercado de trabalho cada vez mais tecnol\u00f3gico e competitivo, mas tamb\u00e9m para a constru\u00e7\u00e3o de uma sociedade mais justa, inovadora e sustent\u00e1vel. Al\u00e9m do mais, essa iniciativa coloca Saquarema no mapa como uma cidade que investe na juventude, reconhecendo seu potencial como motores de mudan\u00e7a e inova\u00e7\u00e3o. Ao fomentar um ecossistema de aprendizado que valoriza a tecnologia e a inova\u00e7\u00e3o, a Prefeitura est\u00e1 n\u00e3o apenas melhorando a qualidade de vida de seus jovens cidad\u00e3os, mas tamb\u00e9m contribuindo para o desenvolvimento econ\u00f4mico e social do munic\u00edpio. Escolas como essa podem se tornar incubadoras de talentos, atraindo investimentos, fomentando startups locais e estimulando o crescimento de um mercado de trabalho local din\u00e2mico e diversificado. Em \u00faltima an\u00e1lise, a escola de programa\u00e7\u00e3o e empreendedorismo \u00e9 um testemunho do compromisso de Saquarema com o futuro de seus jovens. \u00c9 um reconhecimento de que a verdadeira transforma\u00e7\u00e3o come\u00e7a com a educa\u00e7\u00e3o e que o empoderamento atrav\u00e9s do conhecimento \u00e9 um dos pilares mais s\u00f3lidos para a constru\u00e7\u00e3o de um futuro melhor para todos. Parab\u00e9ns \u00e0 Prefeitura de Saquarema e \u00e0 OSC Casa Brasil por darem vida a essa vis\u00e3o inspiradora. Que esse seja apenas o in\u00edcio de uma jornada frut\u00edfera em dire\u00e7\u00e3o \u00e0 inova\u00e7\u00e3o, ao progresso e \u00e0 justi\u00e7a social.<\/p>\n","protected":false},"author":1,"featured_media":0,"parent":0,"menu_order":0,"comment_status":"closed","ping_status":"closed","template":"elementor_canvas","meta":{"footnotes":""},"class_list":["post-20","page","type-page","status-publish","hentry"],"_links":{"self":[{"href":"https:\/\/epes.tech\/index.php?rest_route=\/wp\/v2\/pages\/20","targetHints":{"allow":["GET"]}}],"collection":[{"href":"https:\/\/epes.tech\/index.php?rest_route=\/wp\/v2\/pages"}],"about":[{"href":"https:\/\/epes.tech\/index.php?rest_route=\/wp\/v2\/types\/page"}],"author":[{"embeddable":true,"href":"https:\/\/epes.tech\/index.php?rest_route=\/wp\/v2\/users\/1"}],"replies":[{"embeddable":true,"href":"https:\/\/epes.tech\/index.php?rest_route=%2Fwp%2Fv2%2Fcomments&post=20"}],"version-history":[{"count":22,"href":"https:\/\/epes.tech\/index.php?rest_route=\/wp\/v2\/pages\/20\/revisions"}],"predecessor-version":[{"id":1070,"href":"https:\/\/epes.tech\/index.php?rest_route=\/wp\/v2\/pages\/20\/revisions\/1070"}],"wp:attachment":[{"href":"https:\/\/epes.tech\/index.php?rest_route=%2Fwp%2Fv2%2Fmedia&parent=20"}],"curies":[{"name":"wp","href":"https:\/\/api.w.org\/{rel}","templated":true}]}}