{"id":21,"date":"2024-01-12T13:01:02","date_gmt":"2024-01-12T16:01:02","guid":{"rendered":"https:\/\/demosites.royal-elementor-addons.com\/developer-portfolio-v1\/?page_id=21"},"modified":"2025-01-15T18:41:18","modified_gmt":"2025-01-15T21:41:18","slug":"portfolio","status":"publish","type":"page","link":"https:\/\/epes.tech\/?page_id=21","title":{"rendered":"Blog"},"content":{"rendered":"\t\t<div data-elementor-type=\"wp-page\" data-elementor-id=\"21\" class=\"elementor elementor-21\">\n\t\t\t\t<div class=\"elementor-element elementor-element-f70c4b9 e-flex e-con-boxed wpr-particle-no wpr-jarallax-no wpr-parallax-no wpr-sticky-section-no wpr-equal-height-no e-con e-parent\" data-id=\"f70c4b9\" data-element_type=\"container\" data-e-type=\"container\" data-settings=\"{&quot;background_background&quot;:&quot;classic&quot;}\">\n\t\t\t\t\t<div class=\"e-con-inner\">\n\t\t\t\t<div class=\"elementor-element elementor-element-3073fc7 elementor-widget elementor-widget-heading\" data-id=\"3073fc7\" data-element_type=\"widget\" data-e-type=\"widget\" data-widget_type=\"heading.default\">\n\t\t\t\t<div class=\"elementor-widget-container\">\n\t\t\t\t\t<h2 class=\"elementor-heading-title elementor-size-default\">BLOG<\/h2>\t\t\t\t<\/div>\n\t\t\t\t<\/div>\n\t\t\t\t\t<\/div>\n\t\t\t\t<\/div>\n\t\t<div class=\"elementor-element elementor-element-d7a05c2 e-flex e-con-boxed wpr-particle-no wpr-jarallax-no wpr-parallax-no wpr-sticky-section-no wpr-equal-height-no e-con e-parent\" data-id=\"d7a05c2\" data-element_type=\"container\" data-e-type=\"container\">\n\t\t\t\t\t<div class=\"e-con-inner\">\n\t\t\t\t<div class=\"elementor-element elementor-element-b990762 wpr-grid-pagination-center wpr-item-styles-inner elementor-widget elementor-widget-wpr-grid\" data-id=\"b990762\" data-element_type=\"widget\" data-e-type=\"widget\" data-widget_type=\"wpr-grid.default\">\n\t\t\t\t<div class=\"elementor-widget-container\">\n\t\t\t\t\t<ul class=\"wpr-grid-filters elementor-clearfix wpr-grid-filters-sep-right\"><li class=\" wpr-pointer-none wpr-pointer-line-fx wpr-pointer-fx-none\"><span  data-filter=\"*\" class=\"wpr-grid-filters-item wpr-active-filter \">All Posts<\/span><em class=\"wpr-grid-filters-sep\"><\/em><\/li><li class=\" wpr-pointer-none wpr-pointer-line-fx wpr-pointer-fx-none\"><span   data-ajax-filter=[\"category\",\"blog\"]  data-filter=\".category-blog\">Blog<\/span><em class=\"wpr-grid-filters-sep\"><\/em><\/li><li class=\" wpr-pointer-none wpr-pointer-line-fx wpr-pointer-fx-none\"><span   data-ajax-filter=[\"category\",\"css\"]  data-filter=\".category-css\">CSS<\/span><em class=\"wpr-grid-filters-sep\"><\/em><\/li><li class=\" wpr-pointer-none wpr-pointer-line-fx wpr-pointer-fx-none\"><span   data-ajax-filter=[\"category\",\"html\"]  data-filter=\".category-html\">HTML<\/span><em class=\"wpr-grid-filters-sep\"><\/em><\/li><li class=\" wpr-pointer-none wpr-pointer-line-fx wpr-pointer-fx-none\"><span   data-ajax-filter=[\"category\",\"javascript\"]  data-filter=\".category-javascript\">Javascript<\/span><em class=\"wpr-grid-filters-sep\"><\/em><\/li><\/ul><section class=\"wpr-grid elementor-clearfix\" data-settings=\"{&quot;layout&quot;:&quot;fitRows&quot;,&quot;stick_last_element_to_bottom&quot;:&quot;&quot;,&quot;columns_desktop&quot;:3,&quot;gutter_hr&quot;:15,&quot;gutter_hr_mobile&quot;:15,&quot;gutter_hr_mobile_extra&quot;:15,&quot;gutter_hr_tablet&quot;:15,&quot;gutter_hr_tablet_extra&quot;:15,&quot;gutter_hr_laptop&quot;:15,&quot;gutter_hr_widescreen&quot;:15,&quot;gutter_vr&quot;:15,&quot;gutter_vr_mobile&quot;:15,&quot;gutter_vr_mobile_extra&quot;:15,&quot;gutter_vr_tablet&quot;:15,&quot;gutter_vr_tablet_extra&quot;:15,&quot;gutter_vr_laptop&quot;:15,&quot;gutter_vr_widescreen&quot;:15,&quot;animation&quot;:&quot;default&quot;,&quot;animation_duration&quot;:0.3,&quot;animation_delay&quot;:0.1,&quot;deeplinking&quot;:&quot;&quot;,&quot;filters_linkable&quot;:&quot;no&quot;,&quot;filters_default_filter&quot;:&quot;&quot;,&quot;filters_count&quot;:&quot;&quot;,&quot;filters_hide_empty&quot;:&quot;no&quot;,&quot;filters_animation&quot;:&quot;default&quot;,&quot;filters_animation_duration&quot;:0.3,&quot;filters_animation_delay&quot;:0.1,&quot;pagination_type&quot;:&quot;load-more&quot;,&quot;pagination_max_pages&quot;:3,&quot;lightbox&quot;:{&quot;selector&quot;:&quot;.wpr-grid-image-wrap&quot;,&quot;iframeMaxWidth&quot;:&quot;60%&quot;,&quot;hash&quot;:false,&quot;autoplay&quot;:&quot;true&quot;,&quot;pause&quot;:5000,&quot;progressBar&quot;:&quot;true&quot;,&quot;counter&quot;:&quot;true&quot;,&quot;controls&quot;:&quot;true&quot;,&quot;getCaptionFromTitleOrAlt&quot;:&quot;true&quot;,&quot;thumbnail&quot;:&quot;&quot;,&quot;showThumbByDefault&quot;:&quot;&quot;,&quot;share&quot;:&quot;&quot;,&quot;zoom&quot;:&quot;true&quot;,&quot;fullScreen&quot;:&quot;true&quot;,&quot;download&quot;:&quot;true&quot;}}\" data-advanced-filters=\"no\"><article class=\"wpr-grid-item elementor-clearfix post-1507 post type-post status-publish format-standard has-post-thumbnail hentry category-blog tag-desfile-civico tag-educacao tag-empreendedorismo tag-epes tag-programacao tag-saquarema tag-tecnologia\"><div class=\"wpr-grid-item-inner\"><div class=\"wpr-grid-media-wrap wpr-effect-size-medium \" data-overlay-link=\"yes\"><div class=\"wpr-grid-image-wrap\" data-src=\"https:\/\/epes.tech\/wp-content\/uploads\/2025\/05\/Design-sem-nome-24.png\" data-img-on-hover=\"\"  data-src-secondary=\"\"><img decoding=\"async\" data-no-lazy=\"1\" src=\"https:\/\/epes.tech\/wp-content\/uploads\/2025\/05\/Design-sem-nome-24.png\" alt=\"EPES marca presen\u00e7a no Desfile C\u00edvico de Saquarema: Celebrando a Educa\u00e7\u00e3o, Tecnologia e Empreendedorismo\" class=\"wpr-anim-timing-ease-default\"><\/div><div class=\"wpr-grid-media-hover wpr-animation-wrap\"><div class=\"wpr-grid-media-hover-bg  wpr-overlay-fade-in wpr-anim-size-large wpr-anim-timing-ease-default wpr-anim-transparency\" data-url=\"https:\/\/epes.tech\/?p=1507\"><\/div><\/div><\/div><div class=\"wpr-grid-item-below-content elementor-clearfix\"><h2 class=\"wpr-grid-item-title elementor-repeater-item-a113fe5 wpr-grid-item-display-block wpr-grid-item-align-left wpr-pointer-none wpr-pointer-line-fx wpr-pointer-fx-fade\"><div class=\"inner-block\"><a target=\"_self\"  href=\"https:\/\/epes.tech\/?p=1507\">EPES marca presen\u00e7a no Desfile C\u00edvico de Saquarema: Celebrando a Educa\u00e7\u00e3o, Tecnologia e Empreendedorismo<\/a><\/div><\/h2><div class=\"wpr-grid-item-read-more elementor-repeater-item-01c7a4b wpr-grid-item-display-block wpr-grid-item-align-left\"><div class=\"inner-block\"><a target=\"_self\" href=\"https:\/\/epes.tech\/?p=1507\" class=\"wpr-button-effect wpr-button-none\"><span>Leia Mais<\/span><\/a><\/div><\/div><\/div><\/div><\/article><article class=\"wpr-grid-item elementor-clearfix post-1498 post type-post status-publish format-standard has-post-thumbnail hentry category-blog tag-educacao tag-empreendedorismo tag-epes tag-programacao tag-tecnologia\"><div class=\"wpr-grid-item-inner\"><div class=\"wpr-grid-media-wrap wpr-effect-size-medium \" data-overlay-link=\"yes\"><div class=\"wpr-grid-image-wrap\" data-src=\"https:\/\/epes.tech\/wp-content\/uploads\/2025\/04\/EPES-EDUCACAO-1.png\" data-img-on-hover=\"\"  data-src-secondary=\"\"><img decoding=\"async\" data-no-lazy=\"1\" src=\"https:\/\/epes.tech\/wp-content\/uploads\/2025\/04\/EPES-EDUCACAO-1.png\" alt=\"Dia da Educa\u00e7\u00e3o: A Base de Tudo, Inclusive da Inova\u00e7\u00e3o\" class=\"wpr-anim-timing-ease-default\"><\/div><div class=\"wpr-grid-media-hover wpr-animation-wrap\"><div class=\"wpr-grid-media-hover-bg  wpr-overlay-fade-in wpr-anim-size-large wpr-anim-timing-ease-default wpr-anim-transparency\" data-url=\"https:\/\/epes.tech\/?p=1498\"><\/div><\/div><\/div><div class=\"wpr-grid-item-below-content elementor-clearfix\"><h2 class=\"wpr-grid-item-title elementor-repeater-item-a113fe5 wpr-grid-item-display-block wpr-grid-item-align-left wpr-pointer-none wpr-pointer-line-fx wpr-pointer-fx-fade\"><div class=\"inner-block\"><a target=\"_self\"  href=\"https:\/\/epes.tech\/?p=1498\">Dia da Educa\u00e7\u00e3o: A Base de Tudo, Inclusive da Inova\u00e7\u00e3o<\/a><\/div><\/h2><div class=\"wpr-grid-item-read-more elementor-repeater-item-01c7a4b wpr-grid-item-display-block wpr-grid-item-align-left\"><div class=\"inner-block\"><a target=\"_self\" href=\"https:\/\/epes.tech\/?p=1498\" class=\"wpr-button-effect wpr-button-none\"><span>Leia Mais<\/span><\/a><\/div><\/div><\/div><\/div><\/article><article class=\"wpr-grid-item elementor-clearfix post-1489 post type-post status-publish format-standard has-post-thumbnail hentry category-blog tag-bullying tag-combate tag-epes tag-programacao tag-tecnologia\"><div class=\"wpr-grid-item-inner\"><div class=\"wpr-grid-media-wrap wpr-effect-size-medium \" data-overlay-link=\"yes\"><div class=\"wpr-grid-image-wrap\" data-src=\"https:\/\/epes.tech\/wp-content\/uploads\/2025\/04\/combate-ao-bullying.png\" data-img-on-hover=\"\"  data-src-secondary=\"\"><img decoding=\"async\" data-no-lazy=\"1\" src=\"https:\/\/epes.tech\/wp-content\/uploads\/2025\/04\/combate-ao-bullying.png\" alt=\"Dia Nacional do Combate ao Bullying e \u00e0 Viol\u00eancia: O Papel da Educa\u00e7\u00e3o na Constru\u00e7\u00e3o de um Futuro Sem Intoler\u00e2ncia\" class=\"wpr-anim-timing-ease-default\"><\/div><div class=\"wpr-grid-media-hover wpr-animation-wrap\"><div class=\"wpr-grid-media-hover-bg  wpr-overlay-fade-in wpr-anim-size-large wpr-anim-timing-ease-default wpr-anim-transparency\" data-url=\"https:\/\/epes.tech\/?p=1489\"><\/div><\/div><\/div><div class=\"wpr-grid-item-below-content elementor-clearfix\"><h2 class=\"wpr-grid-item-title elementor-repeater-item-a113fe5 wpr-grid-item-display-block wpr-grid-item-align-left wpr-pointer-none wpr-pointer-line-fx wpr-pointer-fx-fade\"><div class=\"inner-block\"><a target=\"_self\"  href=\"https:\/\/epes.tech\/?p=1489\">Dia Nacional do Combate ao Bullying e \u00e0 Viol\u00eancia: O Papel da Educa\u00e7\u00e3o na Constru\u00e7\u00e3o de um Futuro Sem Intoler\u00e2ncia<\/a><\/div><\/h2><div class=\"wpr-grid-item-read-more elementor-repeater-item-01c7a4b wpr-grid-item-display-block wpr-grid-item-align-left\"><div class=\"inner-block\"><a target=\"_self\" href=\"https:\/\/epes.tech\/?p=1489\" class=\"wpr-button-effect wpr-button-none\"><span>Leia Mais<\/span><\/a><\/div><\/div><\/div><\/div><\/article><article class=\"wpr-grid-item elementor-clearfix post-1483 post type-post status-publish format-standard has-post-thumbnail hentry category-blog tag-autismo tag-dia-mundial-de-conscientizacao tag-epes tag-programacao tag-tecnologia\"><div class=\"wpr-grid-item-inner\"><div class=\"wpr-grid-media-wrap wpr-effect-size-medium \" data-overlay-link=\"yes\"><div class=\"wpr-grid-image-wrap\" data-src=\"https:\/\/epes.tech\/wp-content\/uploads\/2025\/04\/Conscientizacao-Autismo-TECH.png\" data-img-on-hover=\"\"  data-src-secondary=\"\"><img decoding=\"async\" data-no-lazy=\"1\" src=\"https:\/\/epes.tech\/wp-content\/uploads\/2025\/04\/Conscientizacao-Autismo-TECH.png\" alt=\"Autismo e Programa\u00e7\u00e3o: Habilidades que se Conectam\" class=\"wpr-anim-timing-ease-default\"><\/div><div class=\"wpr-grid-media-hover wpr-animation-wrap\"><div class=\"wpr-grid-media-hover-bg  wpr-overlay-fade-in wpr-anim-size-large wpr-anim-timing-ease-default wpr-anim-transparency\" data-url=\"https:\/\/epes.tech\/?p=1483\"><\/div><\/div><\/div><div class=\"wpr-grid-item-below-content elementor-clearfix\"><h2 class=\"wpr-grid-item-title elementor-repeater-item-a113fe5 wpr-grid-item-display-block wpr-grid-item-align-left wpr-pointer-none wpr-pointer-line-fx wpr-pointer-fx-fade\"><div class=\"inner-block\"><a target=\"_self\"  href=\"https:\/\/epes.tech\/?p=1483\">Autismo e Programa\u00e7\u00e3o: Habilidades que se Conectam<\/a><\/div><\/h2><div class=\"wpr-grid-item-read-more elementor-repeater-item-01c7a4b wpr-grid-item-display-block wpr-grid-item-align-left\"><div class=\"inner-block\"><a target=\"_self\" href=\"https:\/\/epes.tech\/?p=1483\" class=\"wpr-button-effect wpr-button-none\"><span>Leia Mais<\/span><\/a><\/div><\/div><\/div><\/div><\/article><article class=\"wpr-grid-item elementor-clearfix post-1464 post type-post status-publish format-standard has-post-thumbnail hentry category-blog tag-epes tag-marketing tag-mercado-de-trabalho tag-palestra tag-programacao tag-tecnologia\"><div class=\"wpr-grid-item-inner\"><div class=\"wpr-grid-media-wrap wpr-effect-size-medium \" data-overlay-link=\"yes\"><div class=\"wpr-grid-image-wrap\" data-src=\"https:\/\/epes.tech\/wp-content\/uploads\/2025\/02\/capa_inova2025.png\" data-img-on-hover=\"\"  data-src-secondary=\"\"><img decoding=\"async\" data-no-lazy=\"1\" src=\"https:\/\/epes.tech\/wp-content\/uploads\/2025\/02\/capa_inova2025.png\" alt=\"InovaTalks 2025: Uma Imers\u00e3o no Futuro da Tecnologia e do Mercado de Trabalho\" class=\"wpr-anim-timing-ease-default\"><\/div><div class=\"wpr-grid-media-hover wpr-animation-wrap\"><div class=\"wpr-grid-media-hover-bg  wpr-overlay-fade-in wpr-anim-size-large wpr-anim-timing-ease-default wpr-anim-transparency\" data-url=\"https:\/\/epes.tech\/?p=1464\"><\/div><\/div><\/div><div class=\"wpr-grid-item-below-content elementor-clearfix\"><h2 class=\"wpr-grid-item-title elementor-repeater-item-a113fe5 wpr-grid-item-display-block wpr-grid-item-align-left wpr-pointer-none wpr-pointer-line-fx wpr-pointer-fx-fade\"><div class=\"inner-block\"><a target=\"_self\"  href=\"https:\/\/epes.tech\/?p=1464\">InovaTalks 2025: Uma Imers\u00e3o no Futuro da Tecnologia e do Mercado de Trabalho<\/a><\/div><\/h2><div class=\"wpr-grid-item-read-more elementor-repeater-item-01c7a4b wpr-grid-item-display-block wpr-grid-item-align-left\"><div class=\"inner-block\"><a target=\"_self\" href=\"https:\/\/epes.tech\/?p=1464\" class=\"wpr-button-effect wpr-button-none\"><span>Leia Mais<\/span><\/a><\/div><\/div><\/div><\/div><\/article><article class=\"wpr-grid-item elementor-clearfix post-1458 post type-post status-publish format-standard has-post-thumbnail hentry category-blog tag-empreendedorismo tag-epes tag-facebook tag-programacao\"><div class=\"wpr-grid-item-inner\"><div class=\"wpr-grid-media-wrap wpr-effect-size-medium \" data-overlay-link=\"yes\"><div class=\"wpr-grid-image-wrap\" data-src=\"https:\/\/epes.tech\/wp-content\/uploads\/2025\/02\/youtube-capa.png\" data-img-on-hover=\"\"  data-src-secondary=\"\"><img decoding=\"async\" data-no-lazy=\"1\" src=\"https:\/\/epes.tech\/wp-content\/uploads\/2025\/02\/youtube-capa.png\" alt=\"Lan\u00e7amento do YouTube no Dia 14 de Fevereiro: O Impacto no Mundo do Empreendedorismo e da Programa\u00e7\u00e3o\" class=\"wpr-anim-timing-ease-default\"><\/div><div class=\"wpr-grid-media-hover wpr-animation-wrap\"><div class=\"wpr-grid-media-hover-bg  wpr-overlay-fade-in wpr-anim-size-large wpr-anim-timing-ease-default wpr-anim-transparency\" data-url=\"https:\/\/epes.tech\/?p=1458\"><\/div><\/div><\/div><div class=\"wpr-grid-item-below-content elementor-clearfix\"><h2 class=\"wpr-grid-item-title elementor-repeater-item-a113fe5 wpr-grid-item-display-block wpr-grid-item-align-left wpr-pointer-none wpr-pointer-line-fx wpr-pointer-fx-fade\"><div class=\"inner-block\"><a target=\"_self\"  href=\"https:\/\/epes.tech\/?p=1458\">Lan\u00e7amento do YouTube no Dia 14 de Fevereiro: O Impacto no Mundo do Empreendedorismo e da Programa\u00e7\u00e3o<\/a><\/div><\/h2><div class=\"wpr-grid-item-read-more elementor-repeater-item-01c7a4b wpr-grid-item-display-block wpr-grid-item-align-left\"><div class=\"inner-block\"><a target=\"_self\" href=\"https:\/\/epes.tech\/?p=1458\" class=\"wpr-button-effect wpr-button-none\"><span>Leia Mais<\/span><\/a><\/div><\/div><\/div><\/div><\/article><article class=\"wpr-grid-item elementor-clearfix post-1436 post type-post status-publish format-standard has-post-thumbnail hentry category-blog tag-44 tag-epes tag-inclusao tag-inclusao-digital tag-tecnologia\"><div class=\"wpr-grid-item-inner\"><div class=\"wpr-grid-media-wrap wpr-effect-size-medium \" data-overlay-link=\"yes\"><div class=\"wpr-grid-image-wrap\" data-src=\"https:\/\/epes.tech\/wp-content\/uploads\/2025\/01\/Design-sem-nome-19.png\" data-img-on-hover=\"\"  data-src-secondary=\"\"><img decoding=\"async\" data-no-lazy=\"1\" src=\"https:\/\/epes.tech\/wp-content\/uploads\/2025\/01\/Design-sem-nome-19.png\" alt=\"EPES Lan\u00e7a EPES+40 TECH: Iniciativa de Inclus\u00e3o Digital para Maiores de 40 Anos em Saquarema\" class=\"wpr-anim-timing-ease-default\"><\/div><div class=\"wpr-grid-media-hover wpr-animation-wrap\"><div class=\"wpr-grid-media-hover-bg  wpr-overlay-fade-in wpr-anim-size-large wpr-anim-timing-ease-default wpr-anim-transparency\" data-url=\"https:\/\/epes.tech\/?p=1436\"><\/div><\/div><\/div><div class=\"wpr-grid-item-below-content elementor-clearfix\"><h2 class=\"wpr-grid-item-title elementor-repeater-item-a113fe5 wpr-grid-item-display-block wpr-grid-item-align-left wpr-pointer-none wpr-pointer-line-fx wpr-pointer-fx-fade\"><div class=\"inner-block\"><a target=\"_self\"  href=\"https:\/\/epes.tech\/?p=1436\">EPES Lan\u00e7a EPES+40 TECH: Iniciativa de Inclus\u00e3o Digital para Maiores de 40 Anos em Saquarema<\/a><\/div><\/h2><div class=\"wpr-grid-item-read-more elementor-repeater-item-01c7a4b wpr-grid-item-display-block wpr-grid-item-align-left\"><div class=\"inner-block\"><a target=\"_self\" href=\"https:\/\/epes.tech\/?p=1436\" class=\"wpr-button-effect wpr-button-none\"><span>Leia Mais<\/span><\/a><\/div><\/div><\/div><\/div><\/article><article class=\"wpr-grid-item elementor-clearfix post-1430 post type-post status-publish format-standard has-post-thumbnail hentry category-blog tag-competicao tag-e-sports tag-epes tag-free-fire tag-torneio tag-week-games\"><div class=\"wpr-grid-item-inner\"><div class=\"wpr-grid-media-wrap wpr-effect-size-medium \" data-overlay-link=\"yes\"><div class=\"wpr-grid-image-wrap\" data-src=\"https:\/\/epes.tech\/wp-content\/uploads\/2025\/01\/Design-sem-nome-18.png\" data-img-on-hover=\"\"  data-src-secondary=\"\"><img decoding=\"async\" data-no-lazy=\"1\" src=\"https:\/\/epes.tech\/wp-content\/uploads\/2025\/01\/Design-sem-nome-18.png\" alt=\"EPES Week Games 2024: Torneio de Free Fire Envolve Competi\u00e7\u00e3o Intensa e Celebra\u00e7\u00e3o do Esp\u00edrito de Equipe\" class=\"wpr-anim-timing-ease-default\"><\/div><div class=\"wpr-grid-media-hover wpr-animation-wrap\"><div class=\"wpr-grid-media-hover-bg  wpr-overlay-fade-in wpr-anim-size-large wpr-anim-timing-ease-default wpr-anim-transparency\" data-url=\"https:\/\/epes.tech\/?p=1430\"><\/div><\/div><\/div><div class=\"wpr-grid-item-below-content elementor-clearfix\"><h2 class=\"wpr-grid-item-title elementor-repeater-item-a113fe5 wpr-grid-item-display-block wpr-grid-item-align-left wpr-pointer-none wpr-pointer-line-fx wpr-pointer-fx-fade\"><div class=\"inner-block\"><a target=\"_self\"  href=\"https:\/\/epes.tech\/?p=1430\">EPES Week Games 2024: Torneio de Free Fire Envolve Competi\u00e7\u00e3o Intensa e Celebra\u00e7\u00e3o do Esp\u00edrito de Equipe<\/a><\/div><\/h2><div class=\"wpr-grid-item-read-more elementor-repeater-item-01c7a4b wpr-grid-item-display-block wpr-grid-item-align-left\"><div class=\"inner-block\"><a target=\"_self\" href=\"https:\/\/epes.tech\/?p=1430\" class=\"wpr-button-effect wpr-button-none\"><span>Leia Mais<\/span><\/a><\/div><\/div><\/div><\/div><\/article><article class=\"wpr-grid-item elementor-clearfix post-1424 post type-post status-publish format-standard has-post-thumbnail hentry category-blog tag-competicao tag-e-sports tag-epes tag-week-games\"><div class=\"wpr-grid-item-inner\"><div class=\"wpr-grid-media-wrap wpr-effect-size-medium \" data-overlay-link=\"yes\"><div class=\"wpr-grid-image-wrap\" data-src=\"https:\/\/epes.tech\/wp-content\/uploads\/2025\/01\/Design-sem-nome-17.png\" data-img-on-hover=\"\"  data-src-secondary=\"\"><img decoding=\"async\" data-no-lazy=\"1\" src=\"https:\/\/epes.tech\/wp-content\/uploads\/2025\/01\/Design-sem-nome-17.png\" alt=\"EPES Week Games 2024: E-sports, Competi\u00e7\u00e3o e Aprendizado em um Evento Inesquec\u00edvel\" class=\"wpr-anim-timing-ease-default\"><\/div><div class=\"wpr-grid-media-hover wpr-animation-wrap\"><div class=\"wpr-grid-media-hover-bg  wpr-overlay-fade-in wpr-anim-size-large wpr-anim-timing-ease-default wpr-anim-transparency\" data-url=\"https:\/\/epes.tech\/?p=1424\"><\/div><\/div><\/div><div class=\"wpr-grid-item-below-content elementor-clearfix\"><h2 class=\"wpr-grid-item-title elementor-repeater-item-a113fe5 wpr-grid-item-display-block wpr-grid-item-align-left wpr-pointer-none wpr-pointer-line-fx wpr-pointer-fx-fade\"><div class=\"inner-block\"><a target=\"_self\"  href=\"https:\/\/epes.tech\/?p=1424\">EPES Week Games 2024: E-sports, Competi\u00e7\u00e3o e Aprendizado em um Evento Inesquec\u00edvel<\/a><\/div><\/h2><div class=\"wpr-grid-item-read-more elementor-repeater-item-01c7a4b wpr-grid-item-display-block wpr-grid-item-align-left\"><div class=\"inner-block\"><a target=\"_self\" href=\"https:\/\/epes.tech\/?p=1424\" class=\"wpr-button-effect wpr-button-none\"><span>Leia Mais<\/span><\/a><\/div><\/div><\/div><\/div><\/article><\/section><div class=\"wpr-grid-pagination elementor-clearfix wpr-grid-pagination-load-more\" data-pages=\"3\"><a href=\"https:\/\/epes.tech\/index.php?rest_route=%2Fwp%2Fv2%2Fpages%2F21&#038;paged=2\" class=\"wpr-load-more-btn\" data-e-disable-page-transition >Load More<\/a><div class=\"wpr-pagination-loading\"><div class=\"wpr-double-bounce\"><div class=\"wpr-child wpr-double-bounce1\"><\/div><div class=\"wpr-child wpr-double-bounce2\"><\/div><\/div><\/div><p class=\"wpr-pagination-finish\">End of Content.<\/p><\/div>\t\t\t\t<\/div>\n\t\t\t\t<\/div>\n\t\t\t\t\t<\/div>\n\t\t\t\t<\/div>\n\t\t\t\t<\/div>\n\t\t","protected":false},"excerpt":{"rendered":"<p>BLOG All Posts Blog EPES Lan\u00e7a EPES+40 TECH: Iniciativa de Inclus\u00e3o Digital para Maiores de 40 Anos em Saquarema Leia Mais EPES Week Games 2024: Torneio de Free Fire Envolve Competi\u00e7\u00e3o Intensa e Celebra\u00e7\u00e3o do Esp\u00edrito de Equipe Leia Mais EPES Week Games 2024: E-sports, Competi\u00e7\u00e3o e Aprendizado em um Evento Inesquec\u00edvel Leia Mais O Resultado do EPES Startup Challenge Leia Mais Startup Challenge EPES 2024: Inova\u00e7\u00e3o e Empreendedorismo em um Desafio Exclusivo Leia Mais EPES Premia Participantes da Pesquisa na FLIS com Sorteio de Tablets Leia Mais Palestra &#8220;A Arte de Inspirar: Comunica\u00e7\u00e3o que Transforma&#8221; na EPES Leia Mais Breaking Codes 2024: Desafios, Criatividade e Inova\u00e7\u00e3o no Mundo da Programa\u00e7\u00e3o Leia Mais InovaTalks EPES 2024: Conectando Inova\u00e7\u00e3o, Sustentabilidade e Inclus\u00e3o para o Futuro Leia Mais Load More End of Content.<\/p>\n","protected":false},"author":1,"featured_media":0,"parent":0,"menu_order":0,"comment_status":"closed","ping_status":"closed","template":"elementor_canvas","meta":{"footnotes":""},"class_list":["post-21","page","type-page","status-publish","hentry"],"_links":{"self":[{"href":"https:\/\/epes.tech\/index.php?rest_route=\/wp\/v2\/pages\/21","targetHints":{"allow":["GET"]}}],"collection":[{"href":"https:\/\/epes.tech\/index.php?rest_route=\/wp\/v2\/pages"}],"about":[{"href":"https:\/\/epes.tech\/index.php?rest_route=\/wp\/v2\/types\/page"}],"author":[{"embeddable":true,"href":"https:\/\/epes.tech\/index.php?rest_route=\/wp\/v2\/users\/1"}],"replies":[{"embeddable":true,"href":"https:\/\/epes.tech\/index.php?rest_route=%2Fwp%2Fv2%2Fcomments&post=21"}],"version-history":[{"count":13,"href":"https:\/\/epes.tech\/index.php?rest_route=\/wp\/v2\/pages\/21\/revisions"}],"predecessor-version":[{"id":1447,"href":"https:\/\/epes.tech\/index.php?rest_route=\/wp\/v2\/pages\/21\/revisions\/1447"}],"wp:attachment":[{"href":"https:\/\/epes.tech\/index.php?rest_route=%2Fwp%2Fv2%2Fmedia&parent=21"}],"curies":[{"name":"wp","href":"https:\/\/api.w.org\/{rel}","templated":true}]}}