{"id":22,"date":"2024-01-12T13:01:47","date_gmt":"2024-01-12T16:01:47","guid":{"rendered":"https:\/\/demosites.royal-elementor-addons.com\/developer-portfolio-v1\/?page_id=22"},"modified":"2025-12-24T10:49:09","modified_gmt":"2025-12-24T13:49:09","slug":"resume","status":"publish","type":"page","link":"https:\/\/epes.tech\/?page_id=22","title":{"rendered":"Plano Pedag\u00f3gico"},"content":{"rendered":"\t\t<div data-elementor-type=\"wp-page\" data-elementor-id=\"22\" class=\"elementor elementor-22\">\n\t\t\t\t<div class=\"elementor-element elementor-element-59b9105 e-flex e-con-boxed wpr-particle-no wpr-jarallax-no wpr-parallax-no wpr-sticky-section-no wpr-equal-height-no e-con e-parent\" data-id=\"59b9105\" data-element_type=\"container\" data-e-type=\"container\" data-settings=\"{&quot;background_background&quot;:&quot;classic&quot;}\">\n\t\t\t\t\t<div class=\"e-con-inner\">\n\t\t\t\t<div class=\"elementor-element elementor-element-a796fb0 elementor-widget elementor-widget-heading\" data-id=\"a796fb0\" data-element_type=\"widget\" data-e-type=\"widget\" data-widget_type=\"heading.default\">\n\t\t\t\t<div class=\"elementor-widget-container\">\n\t\t\t\t\t<h2 class=\"elementor-heading-title elementor-size-default\">M\u00e9todo<\/h2>\t\t\t\t<\/div>\n\t\t\t\t<\/div>\n\t\t\t\t<div class=\"elementor-element elementor-element-b42ef93 elementor-widget elementor-widget-text-editor\" data-id=\"b42ef93\" data-element_type=\"widget\" data-e-type=\"widget\" data-widget_type=\"text-editor.default\">\n\t\t\t\t<div class=\"elementor-widget-container\">\n\t\t\t\t\t\t\t\t\t<div class=\"pagina pagina-cursos-single\"><div class=\"container\"><div class=\"row\"><div class=\"colw colw-8\"><div class=\"single-cursos-conteudo\"><p>Em parceria da <a href=\"http:\/\/www.casabrasil.org.br\">Casa Brasil<\/a> com a <a href=\"http:\/\/tingledigital.com\">Tingle<\/a>, o curso tem como objetivo come\u00e7ar a preparar os jovens para conviver, competir profissionalmente e colaborar com a nova sociedade digital. Para isso a Tingle se baseia no conceito de educa\u00e7\u00e3o 4.0 que pretende tornar este aprendizado mais interativo e tecnol\u00f3gico, por meio de diversos recursos como desenvolvimento de softwares, games, rob\u00f4s virtuais, Intelig\u00eancia Artificial (IA), Internet das coisas (IoT), pensamento computacional, an\u00e1lise e manipula\u00e7\u00e3o de dados, e o conceito &#8220;Maker&#8221; para realiza\u00e7\u00e3o de projetos.<\/p><\/div><\/div><\/div><\/div><\/div>\t\t\t\t\t\t\t\t<\/div>\n\t\t\t\t<\/div>\n\t\t\t\t\t<\/div>\n\t\t\t\t<\/div>\n\t\t<div class=\"elementor-element elementor-element-72f7957 e-flex e-con-boxed wpr-particle-no wpr-jarallax-no wpr-parallax-no wpr-sticky-section-no wpr-equal-height-no e-con e-parent\" data-id=\"72f7957\" data-element_type=\"container\" data-e-type=\"container\">\n\t\t\t\t\t<div class=\"e-con-inner\">\n\t\t\t\t<div class=\"elementor-element elementor-element-bf8a3d7 elementor-widget elementor-widget-heading\" data-id=\"bf8a3d7\" data-element_type=\"widget\" data-e-type=\"widget\" data-widget_type=\"heading.default\">\n\t\t\t\t<div class=\"elementor-widget-container\">\n\t\t\t\t\t<h2 class=\"elementor-heading-title elementor-size-default\">Conte\u00fado<\/h2>\t\t\t\t<\/div>\n\t\t\t\t<\/div>\n\t\t\t\t<div class=\"elementor-element elementor-element-626c03d elementor-widget elementor-widget-text-editor\" data-id=\"626c03d\" data-element_type=\"widget\" data-e-type=\"widget\" data-widget_type=\"text-editor.default\">\n\t\t\t\t<div class=\"elementor-widget-container\">\n\t\t\t\t\t\t\t\t\t<ul><li>Anima\u00e7\u00e3o Programada<\/li><li>Desenvolvimento de Apps<\/li><li>Desenvolvimento de Games<\/li><li>Desenvolvimento de Websites<\/li><li>Prototipagem de Circuitos e Projetos<\/li><li>Constru\u00e7\u00e3o e Programa\u00e7\u00e3o de Rob\u00f4s Virtuais<\/li><li>Modelagem e Programa\u00e7\u00e3o de Personagens e Jogos<\/li><\/ul>\t\t\t\t\t\t\t\t<\/div>\n\t\t\t\t<\/div>\n\t\t\t\t\t<\/div>\n\t\t\t\t<\/div>\n\t\t<div class=\"elementor-element elementor-element-77452eb e-flex e-con-boxed wpr-particle-no wpr-jarallax-no wpr-parallax-no wpr-sticky-section-no wpr-equal-height-no e-con e-parent\" data-id=\"77452eb\" data-element_type=\"container\" data-e-type=\"container\">\n\t\t\t\t\t<div class=\"e-con-inner\">\n\t\t\t\t<div class=\"elementor-element elementor-element-6682e12 elementor-widget elementor-widget-heading\" data-id=\"6682e12\" data-element_type=\"widget\" data-e-type=\"widget\" data-widget_type=\"heading.default\">\n\t\t\t\t<div class=\"elementor-widget-container\">\n\t\t\t\t\t<h2 class=\"elementor-heading-title elementor-size-default\">Objetivo<\/h2>\t\t\t\t<\/div>\n\t\t\t\t<\/div>\n\t\t\t\t<div class=\"elementor-element elementor-element-408ec32 elementor-widget elementor-widget-text-editor\" data-id=\"408ec32\" data-element_type=\"widget\" data-e-type=\"widget\" data-widget_type=\"text-editor.default\">\n\t\t\t\t<div class=\"elementor-widget-container\">\n\t\t\t\t\t\t\t\t\t<ul><li>Explorar o repert\u00f3rio tecnol\u00f3gico por meio do desenvolvimento de projetos, atrav\u00e9s do uso de ferramentas digitais &#8220;makers&#8221;;<\/li><li>Desenvolver a proatividade, construindo a responsabilidade pelas pr\u00f3prias escolhas e a\u00e7\u00f5es frente \u00e0s situa\u00e7\u00f5es impostas pelo meio;<\/li><li>Incentivar os adolescentes a raciocinar sistematicamente e correlacionar conhecimentos &#8211; compet\u00eancias essenciais \u00e0 vida no s\u00e9culo XXI;<\/li><\/ul>\t\t\t\t\t\t\t\t<\/div>\n\t\t\t\t<\/div>\n\t\t\t\t\t<\/div>\n\t\t\t\t<\/div>\n\t\t<div class=\"elementor-element elementor-element-10b3bd9 e-flex e-con-boxed wpr-particle-no wpr-jarallax-no wpr-parallax-no wpr-sticky-section-no wpr-equal-height-no e-con e-parent\" data-id=\"10b3bd9\" data-element_type=\"container\" data-e-type=\"container\">\n\t\t\t\t\t<div class=\"e-con-inner\">\n\t\t\t\t<div class=\"elementor-element elementor-element-98d8eff elementor-widget elementor-widget-heading\" data-id=\"98d8eff\" data-element_type=\"widget\" data-e-type=\"widget\" data-widget_type=\"heading.default\">\n\t\t\t\t<div class=\"elementor-widget-container\">\n\t\t\t\t\t<h2 class=\"elementor-heading-title elementor-size-default\">Metodologia<\/h2>\t\t\t\t<\/div>\n\t\t\t\t<\/div>\n\t\t\t\t<div class=\"elementor-element elementor-element-df2bc69 elementor-widget elementor-widget-text-editor\" data-id=\"df2bc69\" data-element_type=\"widget\" data-e-type=\"widget\" data-widget_type=\"text-editor.default\">\n\t\t\t\t<div class=\"elementor-widget-container\">\n\t\t\t\t\t\t\t\t\t<div class=\"faq-item faq-open\"><div class=\"faq-answer\"><ul><li>As aulas ter\u00e3o a dura\u00e7\u00e3o 1h e 30min \/ duas vezes por semana;<\/li><\/ul><\/div><\/div><div class=\"faq-item\"><div class=\"faq-question\">\u00a0<\/div><\/div>\t\t\t\t\t\t\t\t<\/div>\n\t\t\t\t<\/div>\n\t\t\t\t\t<\/div>\n\t\t\t\t<\/div>\n\t\t<div class=\"elementor-element elementor-element-fb5c708 e-flex e-con-boxed wpr-particle-no wpr-jarallax-no wpr-parallax-no wpr-sticky-section-no wpr-equal-height-no e-con e-parent\" data-id=\"fb5c708\" data-element_type=\"container\" data-e-type=\"container\">\n\t\t\t\t\t<div class=\"e-con-inner\">\n\t\t\t\t<div class=\"elementor-element elementor-element-bc75e03 elementor-widget elementor-widget-heading\" data-id=\"bc75e03\" data-element_type=\"widget\" data-e-type=\"widget\" data-widget_type=\"heading.default\">\n\t\t\t\t<div class=\"elementor-widget-container\">\n\t\t\t\t\t<h2 class=\"elementor-heading-title elementor-size-default\">Aulas Presenciais<\/h2>\t\t\t\t<\/div>\n\t\t\t\t<\/div>\n\t\t\t\t<div class=\"elementor-element elementor-element-53209f0 elementor-widget elementor-widget-text-editor\" data-id=\"53209f0\" data-element_type=\"widget\" data-e-type=\"widget\" data-widget_type=\"text-editor.default\">\n\t\t\t\t<div class=\"elementor-widget-container\">\n\t\t\t\t\t\t\t\t\t<div class=\"faq-item faq-open\"><div class=\"faq-answer\"><ul><li>Aulas presenciais com nossos instrutores especializados e com pequenos grupos em hor\u00e1rios e dias previamente marcados com todos os protocolos necess\u00e1rios de seguran\u00e7a e o distanciamento social.<\/li><\/ul><\/div><\/div><div class=\"faq-item faq-open\"><div class=\"faq-question\">\u00a0<\/div><\/div>\t\t\t\t\t\t\t\t<\/div>\n\t\t\t\t<\/div>\n\t\t\t\t\t<\/div>\n\t\t\t\t<\/div>\n\t\t<div class=\"elementor-element elementor-element-781b649 e-flex e-con-boxed wpr-particle-no wpr-jarallax-no wpr-parallax-no wpr-sticky-section-no wpr-equal-height-no e-con e-parent\" data-id=\"781b649\" data-element_type=\"container\" data-e-type=\"container\">\n\t\t\t\t\t<div class=\"e-con-inner\">\n\t\t\t\t<div class=\"elementor-element elementor-element-a00d48a elementor-widget elementor-widget-heading\" data-id=\"a00d48a\" data-element_type=\"widget\" data-e-type=\"widget\" data-widget_type=\"heading.default\">\n\t\t\t\t<div class=\"elementor-widget-container\">\n\t\t\t\t\t<h2 class=\"elementor-heading-title elementor-size-default\">Certificado<\/h2>\t\t\t\t<\/div>\n\t\t\t\t<\/div>\n\t\t\t\t<div class=\"elementor-element elementor-element-8ec303f elementor-widget elementor-widget-text-editor\" data-id=\"8ec303f\" data-element_type=\"widget\" data-e-type=\"widget\" data-widget_type=\"text-editor.default\">\n\t\t\t\t<div class=\"elementor-widget-container\">\n\t\t\t\t\t\t\t\t\t<div class=\"module course-schedule\"><div class=\"container\"><div class=\"row\"><div class=\"colw colw-8\"><div class=\"faq-container\"><div class=\"faq-item faq-open\"><div class=\"faq-answer\"><ul><li>Possui certificado de conclus\u00e3o.<\/li><\/ul><\/div><\/div><\/div><\/div><\/div><\/div><\/div>\t\t\t\t\t\t\t\t<\/div>\n\t\t\t\t<\/div>\n\t\t\t\t\t<\/div>\n\t\t\t\t<\/div>\n\t\t<div class=\"elementor-element elementor-element-e7daecc e-flex e-con-boxed wpr-particle-no wpr-jarallax-no wpr-parallax-no wpr-sticky-section-no wpr-equal-height-no e-con e-parent\" data-id=\"e7daecc\" data-element_type=\"container\" data-e-type=\"container\">\n\t\t\t\t\t<div class=\"e-con-inner\">\n\t\t\t\t<div class=\"elementor-element elementor-element-0351df3 elementor-widget elementor-widget-spacer\" data-id=\"0351df3\" data-element_type=\"widget\" data-e-type=\"widget\" data-widget_type=\"spacer.default\">\n\t\t\t\t<div class=\"elementor-widget-container\">\n\t\t\t\t\t\t\t<div class=\"elementor-spacer\">\n\t\t\t<div class=\"elementor-spacer-inner\"><\/div>\n\t\t<\/div>\n\t\t\t\t\t\t<\/div>\n\t\t\t\t<\/div>\n\t\t\t\t\t<\/div>\n\t\t\t\t<\/div>\n\t\t\t\t<\/div>\n\t\t","protected":false},"excerpt":{"rendered":"<p>M\u00e9todo Em parceria da Casa Brasil com a Tingle, o curso tem como objetivo come\u00e7ar a preparar os jovens para conviver, competir profissionalmente e colaborar com a nova sociedade digital. Para isso a Tingle se baseia no conceito de educa\u00e7\u00e3o 4.0 que pretende tornar este aprendizado mais interativo e tecnol\u00f3gico, por meio de diversos recursos como desenvolvimento de softwares, games, rob\u00f4s virtuais, Intelig\u00eancia Artificial (IA), Internet das coisas (IoT), pensamento computacional, an\u00e1lise e manipula\u00e7\u00e3o de dados, e o conceito &#8220;Maker&#8221; para realiza\u00e7\u00e3o de projetos. Conte\u00fado Anima\u00e7\u00e3o Programada Desenvolvimento de Apps Desenvolvimento de Games Desenvolvimento de Websites Prototipagem de Circuitos e Projetos Constru\u00e7\u00e3o e Programa\u00e7\u00e3o de Rob\u00f4s Virtuais Modelagem e Programa\u00e7\u00e3o de Personagens e Jogos Objetivo Explorar o repert\u00f3rio tecnol\u00f3gico por meio do desenvolvimento de projetos, atrav\u00e9s do uso de ferramentas digitais &#8220;makers&#8221;; Desenvolver a proatividade, construindo a responsabilidade pelas pr\u00f3prias escolhas e a\u00e7\u00f5es frente \u00e0s situa\u00e7\u00f5es impostas pelo meio; Incentivar os adolescentes a raciocinar sistematicamente e correlacionar conhecimentos &#8211; compet\u00eancias essenciais \u00e0 vida no s\u00e9culo XXI; Metodologia As aulas ter\u00e3o a dura\u00e7\u00e3o 1h e 30min \/ duas vezes por semana; \u00a0 Aulas Presenciais Aulas presenciais com nossos instrutores especializados e com pequenos grupos em hor\u00e1rios e dias previamente marcados com todos os protocolos necess\u00e1rios de seguran\u00e7a e o distanciamento social. \u00a0 Certificado Possui certificado de conclus\u00e3o.<\/p>\n","protected":false},"author":1,"featured_media":0,"parent":0,"menu_order":0,"comment_status":"closed","ping_status":"closed","template":"elementor_canvas","meta":{"footnotes":""},"class_list":["post-22","page","type-page","status-publish","hentry"],"_links":{"self":[{"href":"https:\/\/epes.tech\/index.php?rest_route=\/wp\/v2\/pages\/22","targetHints":{"allow":["GET"]}}],"collection":[{"href":"https:\/\/epes.tech\/index.php?rest_route=\/wp\/v2\/pages"}],"about":[{"href":"https:\/\/epes.tech\/index.php?rest_route=\/wp\/v2\/types\/page"}],"author":[{"embeddable":true,"href":"https:\/\/epes.tech\/index.php?rest_route=\/wp\/v2\/users\/1"}],"replies":[{"embeddable":true,"href":"https:\/\/epes.tech\/index.php?rest_route=%2Fwp%2Fv2%2Fcomments&post=22"}],"version-history":[{"count":16,"href":"https:\/\/epes.tech\/index.php?rest_route=\/wp\/v2\/pages\/22\/revisions"}],"predecessor-version":[{"id":1537,"href":"https:\/\/epes.tech\/index.php?rest_route=\/wp\/v2\/pages\/22\/revisions\/1537"}],"wp:attachment":[{"href":"https:\/\/epes.tech\/index.php?rest_route=%2Fwp%2Fv2%2Fmedia&parent=22"}],"curies":[{"name":"wp","href":"https:\/\/api.w.org\/{rel}","templated":true}]}}